{"id":478,"date":"2025-04-03T11:07:51","date_gmt":"2025-04-03T11:07:51","guid":{"rendered":"https:\/\/binisuncoffee.com.vn\/trang-chu\/"},"modified":"2025-06-10T02:52:19","modified_gmt":"2025-06-10T02:52:19","slug":"trang-chu","status":"publish","type":"page","link":"https:\/\/binisuncoffee.com.vn\/en\/","title":{"rendered":"Home"},"content":{"rendered":"<h2 class=\"title-48 mb-base\">BINISUN COFFEE &amp; TEA l\u00e0 th\u01b0\u01a1ng hi\u1ec7u c\u00e0 ph\u00ea cao c\u1ea5p \u0111\u1ebfn t\u1eeb T\u00e2y Nguy\u00ean &#8211; Vi\u1ec7t Nam<\/h2>\n<div class=\"home-2-desc flex flex-col gap-5\">\n<div class=\"desc text-lg font-normal text-Neutral-800\">\n<p>BINISUN kh\u1edfi ngu\u1ed3n t\u1eeb v\u00f9ng \u0111\u1ea5t T\u00e2y Nguy\u00ean, n\u01a1i v\u0103n h\u00f3a b\u1ea3n \u0111\u1ecba h\u00f2a quy\u1ec7n c\u00f9ng nh\u1eefng \u0111\u1ed3i c\u00e0 ph\u00ea b\u1ea1t ng\u00e0n. H\u00ecnh \u1ea3nh c\u00f4 g\u00e1i T\u00e2y Nguy\u00ean v\u00e0 nh\u1eefng ch\u00fa voi l\u00e0 bi\u1ec3u t\u01b0\u1ee3ng cho s\u1ef1 tr\u00f9 ph\u00fa v\u00e0 g\u1eafn k\u1ebft v\u1edbi thi\u00ean nhi\u00ean.<\/p>\n<p>BINISUN Coffee ra \u0111\u1eddi v\u1edbi kh\u00e1t khao mang \u0111\u1ebfn nh\u1eefng s\u1ea3n ph\u1ea9m c\u00e0 ph\u00ea ch\u1ea5t l\u01b0\u1ee3ng cao, k\u1ebft tinh t\u1eeb nh\u1eefng h\u1ea1t c\u00e0 ph\u00ea \u0111\u01b0\u1ee3c tuy\u1ec3n ch\u1ecdn k\u1ef9 l\u01b0\u1ee1ng v\u00e0 ch\u1ebf bi\u1ebfn b\u1eb1ng ph\u01b0\u01a1ng ph\u00e1p Natural v\u00e0 Honey. Ch\u00fang t\u00f4i tin r\u1eb1ng m\u1ed7i h\u1ea1t c\u00e0 ph\u00ea kh\u00f4ng ch\u1ec9 l\u00e0 m\u1ed9t th\u1ee9c u\u1ed1ng m\u00e0 c\u00f2n l\u00e0 m\u1ed9t h\u00e0nh tr\u00ecnh \u0111\u1ea7y t\u00e2m huy\u1ebft, t\u1eeb ng\u01b0\u1eddi n\u00f4ng d\u00e2n \u0111\u1ebfn tay ng\u01b0\u1eddi ti\u00eau d\u00f9ng.<\/p>\n<\/div>\n<\/div>\n","protected":false},"excerpt":{"rendered":"<p>BINISUN COFFEE &amp; TEA l\u00e0 th\u01b0\u01a1ng hi\u1ec7u c\u00e0 ph\u00ea cao c\u1ea5p \u0111\u1ebfn t\u1eeb T\u00e2y Nguy\u00ean &#8211; Vi\u1ec7t Nam BINISUN kh\u1edfi ngu\u1ed3n t\u1eeb v\u00f9ng \u0111\u1ea5t T\u00e2y Nguy\u00ean, n\u01a1i v\u0103n h\u00f3a b\u1ea3n \u0111\u1ecba h\u00f2a quy\u1ec7n c\u00f9ng nh\u1eefng \u0111\u1ed3i c\u00e0 ph\u00ea b\u1ea1t ng\u00e0n. H\u00ecnh \u1ea3nh c\u00f4 g\u00e1i T\u00e2y Nguy\u00ean v\u00e0 nh\u1eefng ch\u00fa voi l\u00e0 bi\u1ec3u t\u01b0\u1ee3ng cho s\u1ef1 [&hellip;]<\/p>\n","protected":false},"author":1,"featured_media":0,"parent":0,"menu_order":18,"comment_status":"closed","ping_status":"closed","template":"templates\/home.php","meta":{"_acf_changed":false,"rank_math_lock_modified_date":false,"footnotes":""},"class_list":["post-478","page","type-page","status-publish","hentry"],"acf":[],"_links":{"self":[{"href":"https:\/\/binisuncoffee.com.vn\/en\/wp-json\/wp\/v2\/pages\/478","targetHints":{"allow":["GET"]}}],"collection":[{"href":"https:\/\/binisuncoffee.com.vn\/en\/wp-json\/wp\/v2\/pages"}],"about":[{"href":"https:\/\/binisuncoffee.com.vn\/en\/wp-json\/wp\/v2\/types\/page"}],"author":[{"embeddable":true,"href":"https:\/\/binisuncoffee.com.vn\/en\/wp-json\/wp\/v2\/users\/1"}],"replies":[{"embeddable":true,"href":"https:\/\/binisuncoffee.com.vn\/en\/wp-json\/wp\/v2\/comments?post=478"}],"version-history":[{"count":68,"href":"https:\/\/binisuncoffee.com.vn\/en\/wp-json\/wp\/v2\/pages\/478\/revisions"}],"predecessor-version":[{"id":1490,"href":"https:\/\/binisuncoffee.com.vn\/en\/wp-json\/wp\/v2\/pages\/478\/revisions\/1490"}],"wp:attachment":[{"href":"https:\/\/binisuncoffee.com.vn\/en\/wp-json\/wp\/v2\/media?parent=478"}],"curies":[{"name":"wp","href":"https:\/\/api.w.org\/{rel}","templated":true}]}}